{"id":1138,"date":"2020-10-21T14:51:37","date_gmt":"2020-10-21T11:51:37","guid":{"rendered":"https:\/\/amika.com.pl\/index.php\/home\/"},"modified":"2024-08-09T14:00:40","modified_gmt":"2024-08-09T14:00:40","slug":"strona-glowna","status":"publish","type":"page","link":"https:\/\/amika.com.pl\/","title":{"rendered":"Strona g\u0142\u00f3wna"},"content":{"rendered":"\t\t<div data-elementor-type=\"wp-page\" data-elementor-id=\"1138\" class=\"elementor elementor-1138\">\n\t\t\t\t<div class=\"elementor-element elementor-element-692e3b2 e-flex e-con-boxed e-con e-parent\" data-id=\"692e3b2\" data-element_type=\"container\">\n\t\t\t\t\t<div class=\"e-con-inner\">\n\t\t\t\t<div class=\"elementor-element elementor-element-8e45667 elementor-widget elementor-widget-image\" data-id=\"8e45667\" data-element_type=\"widget\" data-widget_type=\"image.default\">\n\t\t\t\t<div class=\"elementor-widget-container\">\n\t\t\t\t\t\t\t\t\t\t\t\t\t<img fetchpriority=\"high\" decoding=\"async\" width=\"2048\" height=\"1152\" src=\"https:\/\/amika.com.pl\/wp-content\/uploads\/2024\/08\/Projekt-bez-nazwy-1-2048x1152.webp\" class=\"attachment-2048x2048 size-2048x2048 wp-image-1696\" alt=\"\" srcset=\"https:\/\/amika.com.pl\/wp-content\/uploads\/2024\/08\/Projekt-bez-nazwy-1-2048x1152.webp 2048w, https:\/\/amika.com.pl\/wp-content\/uploads\/2024\/08\/Projekt-bez-nazwy-1-300x169.webp 300w, https:\/\/amika.com.pl\/wp-content\/uploads\/2024\/08\/Projekt-bez-nazwy-1-1024x576.webp 1024w, https:\/\/amika.com.pl\/wp-content\/uploads\/2024\/08\/Projekt-bez-nazwy-1-768x432.webp 768w, https:\/\/amika.com.pl\/wp-content\/uploads\/2024\/08\/Projekt-bez-nazwy-1-1536x864.webp 1536w, https:\/\/amika.com.pl\/wp-content\/uploads\/2024\/08\/Projekt-bez-nazwy-1-700x394.webp 700w, https:\/\/amika.com.pl\/wp-content\/uploads\/2024\/08\/Projekt-bez-nazwy-1-64x36.webp 64w\" sizes=\"(max-width: 2048px) 100vw, 2048px\" \/>\t\t\t\t\t\t\t\t\t\t\t\t\t<\/div>\n\t\t\t\t<\/div>\n\t\t\t\t\t<\/div>\n\t\t\t\t<\/div>\n\t\t<div class=\"elementor-element elementor-element-4a129e4 animated-fast elementor-hidden-widescreen elementor-hidden-desktop elementor-hidden-tablet elementor-hidden-mobile e-flex e-con-boxed elementor-invisible e-con e-parent\" data-id=\"4a129e4\" data-element_type=\"container\" data-settings=\"{&quot;background_background&quot;:&quot;slideshow&quot;,&quot;background_slideshow_gallery&quot;:[{&quot;id&quot;:1696,&quot;url&quot;:&quot;https:\\\/\\\/amika.com.pl\\\/wp-content\\\/uploads\\\/2024\\\/08\\\/Projekt-bez-nazwy-1-scaled.webp&quot;}],&quot;animation&quot;:&quot;zoomIn&quot;,&quot;background_slideshow_loop&quot;:&quot;yes&quot;,&quot;background_slideshow_slide_duration&quot;:5000,&quot;background_slideshow_slide_transition&quot;:&quot;fade&quot;,&quot;background_slideshow_transition_duration&quot;:500}\">\n\t\t\t\t\t<div class=\"e-con-inner\">\n\t\t\t\t<div class=\"elementor-element elementor-element-1aa9842 elementor-widget-divider--view-line elementor-widget elementor-widget-divider\" data-id=\"1aa9842\" data-element_type=\"widget\" data-widget_type=\"divider.default\">\n\t\t\t\t<div class=\"elementor-widget-container\">\n\t\t\t\t\t<div class=\"elementor-divider\">\n\t\t\t<span class=\"elementor-divider-separator\">\n\t\t\t\t\t\t<\/span>\n\t\t<\/div>\n\t\t\t\t<\/div>\n\t\t\t\t<\/div>\n\t\t\t\t<div class=\"elementor-element elementor-element-0d2075b elementor-widget elementor-widget-shortcode\" data-id=\"0d2075b\" data-element_type=\"widget\" data-widget_type=\"shortcode.default\">\n\t\t\t\t<div class=\"elementor-widget-container\">\n\t\t\t\t\t<div class=\"elementor-shortcode\">\n<\/div>\n\t\t\t\t<\/div>\n\t\t\t\t<\/div>\n\t\t\t\t\t<\/div>\n\t\t\t\t<\/div>\n\t\t<div class=\"elementor-element elementor-element-87ce724 e-flex e-con-boxed e-con e-parent\" data-id=\"87ce724\" data-element_type=\"container\">\n\t\t\t\t\t<div class=\"e-con-inner\">\n\t\t<div class=\"elementor-element elementor-element-3a4a255 e-con-full e-flex elementor-invisible e-con e-child\" data-id=\"3a4a255\" data-element_type=\"container\" data-settings=\"{&quot;animation&quot;:&quot;fadeIn&quot;}\">\n\t\t\t\t<div class=\"elementor-element elementor-element-084627b elementor-widget-divider--view-line elementor-invisible elementor-widget elementor-widget-divider\" data-id=\"084627b\" data-element_type=\"widget\" data-settings=\"{&quot;_animation&quot;:&quot;fadeIn&quot;}\" data-widget_type=\"divider.default\">\n\t\t\t\t<div class=\"elementor-widget-container\">\n\t\t\t\t\t<div class=\"elementor-divider\">\n\t\t\t<span class=\"elementor-divider-separator\">\n\t\t\t\t\t\t<\/span>\n\t\t<\/div>\n\t\t\t\t<\/div>\n\t\t\t\t<\/div>\n\t\t\t\t<div class=\"elementor-element elementor-element-2b5eec1 elementor-widget elementor-widget-image\" data-id=\"2b5eec1\" data-element_type=\"widget\" data-widget_type=\"image.default\">\n\t\t\t\t<div class=\"elementor-widget-container\">\n\t\t\t\t\t\t\t\t\t\t<figure class=\"wp-caption\">\n\t\t\t\t\t\t\t\t\t\t<img decoding=\"async\" width=\"150\" height=\"150\" src=\"https:\/\/amika.com.pl\/wp-content\/uploads\/2024\/05\/Projekt-bez-nazwy-20-150x150.png\" class=\"attachment-thumbnail size-thumbnail wp-image-1278\" alt=\"\" srcset=\"https:\/\/amika.com.pl\/wp-content\/uploads\/2024\/05\/Projekt-bez-nazwy-20-150x150.png 150w, https:\/\/amika.com.pl\/wp-content\/uploads\/2024\/05\/Projekt-bez-nazwy-20-300x300.png 300w, https:\/\/amika.com.pl\/wp-content\/uploads\/2024\/05\/Projekt-bez-nazwy-20-100x100.png 100w, https:\/\/amika.com.pl\/wp-content\/uploads\/2024\/05\/Projekt-bez-nazwy-20-64x64.png 64w, https:\/\/amika.com.pl\/wp-content\/uploads\/2024\/05\/Projekt-bez-nazwy-20.png 500w\" sizes=\"(max-width: 150px) 100vw, 150px\" \/>\t\t\t\t\t\t\t\t\t\t\t<figcaption class=\"widget-image-caption wp-caption-text\"><\/figcaption>\n\t\t\t\t\t\t\t\t\t\t<\/figure>\n\t\t\t\t\t\t\t<\/div>\n\t\t\t\t<\/div>\n\t\t\t\t<div class=\"elementor-element elementor-element-24f9c25 elementor-widget elementor-widget-heading\" data-id=\"24f9c25\" data-element_type=\"widget\" data-widget_type=\"heading.default\">\n\t\t\t\t<div class=\"elementor-widget-container\">\n\t\t\t<h2 class=\"elementor-heading-title elementor-size-default\">Mo\u017cliwo\u015b\u0107 dostawy<\/h2>\t\t<\/div>\n\t\t\t\t<\/div>\n\t\t\t\t<\/div>\n\t\t<div class=\"elementor-element elementor-element-b0ff0a9 e-con-full e-flex e-con e-child\" data-id=\"b0ff0a9\" data-element_type=\"container\">\n\t\t\t\t<div class=\"elementor-element elementor-element-21f5350 elementor-widget-divider--view-line elementor-invisible elementor-widget elementor-widget-divider\" data-id=\"21f5350\" data-element_type=\"widget\" data-settings=\"{&quot;_animation&quot;:&quot;fadeIn&quot;}\" data-widget_type=\"divider.default\">\n\t\t\t\t<div class=\"elementor-widget-container\">\n\t\t\t\t\t<div class=\"elementor-divider\">\n\t\t\t<span class=\"elementor-divider-separator\">\n\t\t\t\t\t\t<\/span>\n\t\t<\/div>\n\t\t\t\t<\/div>\n\t\t\t\t<\/div>\n\t\t\t\t<div class=\"elementor-element elementor-element-c69c3f7 elementor-invisible elementor-widget elementor-widget-image\" data-id=\"c69c3f7\" data-element_type=\"widget\" data-settings=\"{&quot;_animation&quot;:&quot;fadeIn&quot;,&quot;_animation_delay&quot;:100}\" data-widget_type=\"image.default\">\n\t\t\t\t<div class=\"elementor-widget-container\">\n\t\t\t\t\t\t\t\t\t\t\t\t\t<img decoding=\"async\" width=\"150\" height=\"150\" src=\"https:\/\/amika.com.pl\/wp-content\/uploads\/2024\/05\/Dodaj-naglowek-2-150x150.png\" class=\"attachment-thumbnail size-thumbnail wp-image-1277\" alt=\"\" srcset=\"https:\/\/amika.com.pl\/wp-content\/uploads\/2024\/05\/Dodaj-naglowek-2-150x150.png 150w, https:\/\/amika.com.pl\/wp-content\/uploads\/2024\/05\/Dodaj-naglowek-2-300x300.png 300w, https:\/\/amika.com.pl\/wp-content\/uploads\/2024\/05\/Dodaj-naglowek-2-100x100.png 100w, https:\/\/amika.com.pl\/wp-content\/uploads\/2024\/05\/Dodaj-naglowek-2-64x64.png 64w, https:\/\/amika.com.pl\/wp-content\/uploads\/2024\/05\/Dodaj-naglowek-2.png 500w\" sizes=\"(max-width: 150px) 100vw, 150px\" \/>\t\t\t\t\t\t\t\t\t\t\t\t\t<\/div>\n\t\t\t\t<\/div>\n\t\t\t\t<div class=\"elementor-element elementor-element-d5d4f1d elementor-widget elementor-widget-heading\" data-id=\"d5d4f1d\" data-element_type=\"widget\" data-widget_type=\"heading.default\">\n\t\t\t\t<div class=\"elementor-widget-container\">\n\t\t\t<h2 class=\"elementor-heading-title elementor-size-default\">Wysoka jako\u015b\u0107<\/h2>\t\t<\/div>\n\t\t\t\t<\/div>\n\t\t\t\t<\/div>\n\t\t<div class=\"elementor-element elementor-element-171ebec e-con-full e-flex e-con e-child\" data-id=\"171ebec\" data-element_type=\"container\">\n\t\t\t\t<div class=\"elementor-element elementor-element-ef5d2fc elementor-widget-divider--view-line elementor-invisible elementor-widget elementor-widget-divider\" data-id=\"ef5d2fc\" data-element_type=\"widget\" data-settings=\"{&quot;_animation&quot;:&quot;fadeIn&quot;}\" data-widget_type=\"divider.default\">\n\t\t\t\t<div class=\"elementor-widget-container\">\n\t\t\t\t\t<div class=\"elementor-divider\">\n\t\t\t<span class=\"elementor-divider-separator\">\n\t\t\t\t\t\t<\/span>\n\t\t<\/div>\n\t\t\t\t<\/div>\n\t\t\t\t<\/div>\n\t\t\t\t<div class=\"elementor-element elementor-element-9c52d0f elementor-invisible elementor-widget elementor-widget-image\" data-id=\"9c52d0f\" data-element_type=\"widget\" data-settings=\"{&quot;_animation&quot;:&quot;fadeIn&quot;,&quot;_animation_delay&quot;:100}\" data-widget_type=\"image.default\">\n\t\t\t\t<div class=\"elementor-widget-container\">\n\t\t\t\t\t\t\t\t\t\t\t\t\t<img loading=\"lazy\" decoding=\"async\" width=\"150\" height=\"150\" src=\"https:\/\/amika.com.pl\/wp-content\/uploads\/2024\/05\/Dodaj-naglowek-4-150x150.png\" class=\"attachment-thumbnail size-thumbnail wp-image-1275\" alt=\"\" srcset=\"https:\/\/amika.com.pl\/wp-content\/uploads\/2024\/05\/Dodaj-naglowek-4-150x150.png 150w, https:\/\/amika.com.pl\/wp-content\/uploads\/2024\/05\/Dodaj-naglowek-4-300x300.png 300w, https:\/\/amika.com.pl\/wp-content\/uploads\/2024\/05\/Dodaj-naglowek-4-100x100.png 100w, https:\/\/amika.com.pl\/wp-content\/uploads\/2024\/05\/Dodaj-naglowek-4-64x64.png 64w, https:\/\/amika.com.pl\/wp-content\/uploads\/2024\/05\/Dodaj-naglowek-4.png 500w\" sizes=\"(max-width: 150px) 100vw, 150px\" \/>\t\t\t\t\t\t\t\t\t\t\t\t\t<\/div>\n\t\t\t\t<\/div>\n\t\t\t\t<div class=\"elementor-element elementor-element-7ecaafd elementor-widget elementor-widget-heading\" data-id=\"7ecaafd\" data-element_type=\"widget\" data-widget_type=\"heading.default\">\n\t\t\t\t<div class=\"elementor-widget-container\">\n\t\t\t<h2 class=\"elementor-heading-title elementor-size-default\">Niska cena<\/h2>\t\t<\/div>\n\t\t\t\t<\/div>\n\t\t\t\t<\/div>\n\t\t<div class=\"elementor-element elementor-element-c23efef e-con-full e-flex e-con e-child\" data-id=\"c23efef\" data-element_type=\"container\">\n\t\t\t\t<div class=\"elementor-element elementor-element-eb7da3f elementor-widget-divider--view-line elementor-invisible elementor-widget elementor-widget-divider\" data-id=\"eb7da3f\" data-element_type=\"widget\" data-settings=\"{&quot;_animation&quot;:&quot;fadeIn&quot;}\" data-widget_type=\"divider.default\">\n\t\t\t\t<div class=\"elementor-widget-container\">\n\t\t\t\t\t<div class=\"elementor-divider\">\n\t\t\t<span class=\"elementor-divider-separator\">\n\t\t\t\t\t\t<\/span>\n\t\t<\/div>\n\t\t\t\t<\/div>\n\t\t\t\t<\/div>\n\t\t\t\t<div class=\"elementor-element elementor-element-b6ba718 elementor-invisible elementor-widget elementor-widget-image\" data-id=\"b6ba718\" data-element_type=\"widget\" data-settings=\"{&quot;_animation&quot;:&quot;fadeIn&quot;,&quot;_animation_delay&quot;:100}\" data-widget_type=\"image.default\">\n\t\t\t\t<div class=\"elementor-widget-container\">\n\t\t\t\t\t\t\t\t\t\t\t\t\t<img loading=\"lazy\" decoding=\"async\" width=\"150\" height=\"150\" src=\"https:\/\/amika.com.pl\/wp-content\/uploads\/2024\/05\/Dodaj-naglowek-3-150x150.png\" class=\"attachment-thumbnail size-thumbnail wp-image-1276\" alt=\"\" srcset=\"https:\/\/amika.com.pl\/wp-content\/uploads\/2024\/05\/Dodaj-naglowek-3-150x150.png 150w, https:\/\/amika.com.pl\/wp-content\/uploads\/2024\/05\/Dodaj-naglowek-3-300x300.png 300w, https:\/\/amika.com.pl\/wp-content\/uploads\/2024\/05\/Dodaj-naglowek-3-100x100.png 100w, https:\/\/amika.com.pl\/wp-content\/uploads\/2024\/05\/Dodaj-naglowek-3-64x64.png 64w, https:\/\/amika.com.pl\/wp-content\/uploads\/2024\/05\/Dodaj-naglowek-3.png 500w\" sizes=\"(max-width: 150px) 100vw, 150px\" \/>\t\t\t\t\t\t\t\t\t\t\t\t\t<\/div>\n\t\t\t\t<\/div>\n\t\t\t\t<div class=\"elementor-element elementor-element-02824f5 elementor-widget elementor-widget-heading\" data-id=\"02824f5\" data-element_type=\"widget\" data-widget_type=\"heading.default\">\n\t\t\t\t<div class=\"elementor-widget-container\">\n\t\t\t<h2 class=\"elementor-heading-title elementor-size-default\">Profesjonalne doradztwo<\/h2>\t\t<\/div>\n\t\t\t\t<\/div>\n\t\t\t\t<\/div>\n\t\t\t\t\t<\/div>\n\t\t\t\t<\/div>\n\t\t<div class=\"elementor-element elementor-element-836e9d9 e-flex e-con-boxed e-con e-parent\" data-id=\"836e9d9\" data-element_type=\"container\">\n\t\t\t\t\t<div class=\"e-con-inner\">\n\t\t\t\t<div class=\"elementor-element elementor-element-fcc5b1c elementor-widget-divider--view-line elementor-widget elementor-widget-divider\" data-id=\"fcc5b1c\" data-element_type=\"widget\" data-widget_type=\"divider.default\">\n\t\t\t\t<div class=\"elementor-widget-container\">\n\t\t\t\t\t<div class=\"elementor-divider\">\n\t\t\t<span class=\"elementor-divider-separator\">\n\t\t\t\t\t\t<\/span>\n\t\t<\/div>\n\t\t\t\t<\/div>\n\t\t\t\t<\/div>\n\t\t\t\t\t<\/div>\n\t\t\t\t<\/div>\n\t\t<div class=\"elementor-element elementor-element-dbe72b0 e-flex e-con-boxed e-con e-parent\" data-id=\"dbe72b0\" data-element_type=\"container\">\n\t\t\t\t\t<div class=\"e-con-inner\">\n\t\t\t\t<div class=\"elementor-element elementor-element-b3f5472 elementor-widget-divider--view-line elementor-widget elementor-widget-divider\" data-id=\"b3f5472\" data-element_type=\"widget\" data-widget_type=\"divider.default\">\n\t\t\t\t<div class=\"elementor-widget-container\">\n\t\t\t\t\t<div class=\"elementor-divider\">\n\t\t\t<span class=\"elementor-divider-separator\">\n\t\t\t\t\t\t<\/span>\n\t\t<\/div>\n\t\t\t\t<\/div>\n\t\t\t\t<\/div>\n\t\t\t\t\t<\/div>\n\t\t\t\t<\/div>\n\t\t<div class=\"elementor-element elementor-element-0b97474 e-flex e-con-boxed e-con e-parent\" data-id=\"0b97474\" data-element_type=\"container\">\n\t\t\t\t\t<div class=\"e-con-inner\">\n\t\t\t\t<div class=\"elementor-element elementor-element-8e2d3bd elementor-widget elementor-widget-heading\" data-id=\"8e2d3bd\" data-element_type=\"widget\" data-widget_type=\"heading.default\">\n\t\t\t\t<div class=\"elementor-widget-container\">\n\t\t\t<h2 class=\"elementor-heading-title elementor-size-default\">KATEGORIE:<\/h2>\t\t<\/div>\n\t\t\t\t<\/div>\n\t\t\t\t\t<\/div>\n\t\t\t\t<\/div>\n\t\t<div class=\"elementor-element elementor-element-d752491 e-grid e-con-boxed e-con e-parent\" data-id=\"d752491\" data-element_type=\"container\">\n\t\t\t\t\t<div class=\"e-con-inner\">\n\t\t\t\t<div class=\"elementor-element elementor-element-c62bac3 e-transform elementor-invisible elementor-widget elementor-widget-image\" data-id=\"c62bac3\" data-element_type=\"widget\" data-settings=\"{&quot;_animation&quot;:&quot;slideInLeft&quot;,&quot;_transform_scale_effect_hover&quot;:{&quot;unit&quot;:&quot;px&quot;,&quot;size&quot;:1.1,&quot;sizes&quot;:[]},&quot;_transform_scale_effect_hover_widescreen&quot;:{&quot;unit&quot;:&quot;px&quot;,&quot;size&quot;:&quot;&quot;,&quot;sizes&quot;:[]},&quot;_transform_scale_effect_hover_tablet&quot;:{&quot;unit&quot;:&quot;px&quot;,&quot;size&quot;:&quot;&quot;,&quot;sizes&quot;:[]},&quot;_transform_scale_effect_hover_mobile&quot;:{&quot;unit&quot;:&quot;px&quot;,&quot;size&quot;:&quot;&quot;,&quot;sizes&quot;:[]}}\" data-widget_type=\"image.default\">\n\t\t\t\t<div class=\"elementor-widget-container\">\n\t\t\t\t\t\t\t\t\t\t\t\t\t\t<a href=\"https:\/\/amika.com.pl\/index.php\/maszyny\/\">\n\t\t\t\t\t\t\t<img loading=\"lazy\" decoding=\"async\" width=\"1000\" height=\"1000\" src=\"https:\/\/amika.com.pl\/wp-content\/uploads\/2024\/06\/maszyny.webp\" class=\"attachment-large size-large wp-image-1594\" alt=\"\" srcset=\"https:\/\/amika.com.pl\/wp-content\/uploads\/2024\/06\/maszyny.webp 1000w, https:\/\/amika.com.pl\/wp-content\/uploads\/2024\/06\/maszyny-300x300.webp 300w, https:\/\/amika.com.pl\/wp-content\/uploads\/2024\/06\/maszyny-150x150.webp 150w, https:\/\/amika.com.pl\/wp-content\/uploads\/2024\/06\/maszyny-768x768.webp 768w, https:\/\/amika.com.pl\/wp-content\/uploads\/2024\/06\/maszyny-800x800.webp 800w, https:\/\/amika.com.pl\/wp-content\/uploads\/2024\/06\/maszyny-700x700.webp 700w, https:\/\/amika.com.pl\/wp-content\/uploads\/2024\/06\/maszyny-100x100.webp 100w, https:\/\/amika.com.pl\/wp-content\/uploads\/2024\/06\/maszyny-64x64.webp 64w\" sizes=\"(max-width: 1000px) 100vw, 1000px\" \/>\t\t\t\t\t\t\t\t<\/a>\n\t\t\t\t\t\t\t\t\t\t\t\t\t<\/div>\n\t\t\t\t<\/div>\n\t\t\t\t<div class=\"elementor-element elementor-element-636ca77 e-transform elementor-invisible elementor-widget elementor-widget-image\" data-id=\"636ca77\" data-element_type=\"widget\" data-settings=\"{&quot;_animation&quot;:&quot;slideInUp&quot;,&quot;_transform_scale_effect_hover&quot;:{&quot;unit&quot;:&quot;px&quot;,&quot;size&quot;:1.1,&quot;sizes&quot;:[]},&quot;_transform_scale_effect_hover_widescreen&quot;:{&quot;unit&quot;:&quot;px&quot;,&quot;size&quot;:&quot;&quot;,&quot;sizes&quot;:[]},&quot;_transform_scale_effect_hover_tablet&quot;:{&quot;unit&quot;:&quot;px&quot;,&quot;size&quot;:&quot;&quot;,&quot;sizes&quot;:[]},&quot;_transform_scale_effect_hover_mobile&quot;:{&quot;unit&quot;:&quot;px&quot;,&quot;size&quot;:&quot;&quot;,&quot;sizes&quot;:[]}}\" data-widget_type=\"image.default\">\n\t\t\t\t<div class=\"elementor-widget-container\">\n\t\t\t\t\t\t\t\t\t\t\t\t\t\t<a href=\"https:\/\/amika.com.pl\/index.php\/szalunki-stropowe\/\">\n\t\t\t\t\t\t\t<img loading=\"lazy\" decoding=\"async\" width=\"1000\" height=\"1000\" src=\"https:\/\/amika.com.pl\/wp-content\/uploads\/2024\/06\/MASZYNY-6.webp\" class=\"attachment-large size-large wp-image-1593\" alt=\"\" srcset=\"https:\/\/amika.com.pl\/wp-content\/uploads\/2024\/06\/MASZYNY-6.webp 1000w, https:\/\/amika.com.pl\/wp-content\/uploads\/2024\/06\/MASZYNY-6-300x300.webp 300w, https:\/\/amika.com.pl\/wp-content\/uploads\/2024\/06\/MASZYNY-6-150x150.webp 150w, https:\/\/amika.com.pl\/wp-content\/uploads\/2024\/06\/MASZYNY-6-768x768.webp 768w, https:\/\/amika.com.pl\/wp-content\/uploads\/2024\/06\/MASZYNY-6-800x800.webp 800w, https:\/\/amika.com.pl\/wp-content\/uploads\/2024\/06\/MASZYNY-6-700x700.webp 700w, https:\/\/amika.com.pl\/wp-content\/uploads\/2024\/06\/MASZYNY-6-100x100.webp 100w, https:\/\/amika.com.pl\/wp-content\/uploads\/2024\/06\/MASZYNY-6-64x64.webp 64w\" sizes=\"(max-width: 1000px) 100vw, 1000px\" \/>\t\t\t\t\t\t\t\t<\/a>\n\t\t\t\t\t\t\t\t\t\t\t\t\t<\/div>\n\t\t\t\t<\/div>\n\t\t\t\t<div class=\"elementor-element elementor-element-4251091 e-transform elementor-invisible elementor-widget elementor-widget-image\" data-id=\"4251091\" data-element_type=\"widget\" data-settings=\"{&quot;_animation&quot;:&quot;slideInRight&quot;,&quot;_transform_scale_effect_hover&quot;:{&quot;unit&quot;:&quot;px&quot;,&quot;size&quot;:1.1,&quot;sizes&quot;:[]},&quot;_transform_scale_effect_hover_widescreen&quot;:{&quot;unit&quot;:&quot;px&quot;,&quot;size&quot;:&quot;&quot;,&quot;sizes&quot;:[]},&quot;_transform_scale_effect_hover_tablet&quot;:{&quot;unit&quot;:&quot;px&quot;,&quot;size&quot;:&quot;&quot;,&quot;sizes&quot;:[]},&quot;_transform_scale_effect_hover_mobile&quot;:{&quot;unit&quot;:&quot;px&quot;,&quot;size&quot;:&quot;&quot;,&quot;sizes&quot;:[]}}\" data-widget_type=\"image.default\">\n\t\t\t\t<div class=\"elementor-widget-container\">\n\t\t\t\t\t\t\t\t\t\t\t\t\t\t<a href=\"https:\/\/amika.com.pl\/index.php\/szalunki-scienne\/\">\n\t\t\t\t\t\t\t<img loading=\"lazy\" decoding=\"async\" width=\"1000\" height=\"1000\" src=\"https:\/\/amika.com.pl\/wp-content\/uploads\/2024\/06\/MASZYNY-7.webp\" class=\"attachment-large size-large wp-image-1595\" alt=\"\" srcset=\"https:\/\/amika.com.pl\/wp-content\/uploads\/2024\/06\/MASZYNY-7.webp 1000w, https:\/\/amika.com.pl\/wp-content\/uploads\/2024\/06\/MASZYNY-7-300x300.webp 300w, https:\/\/amika.com.pl\/wp-content\/uploads\/2024\/06\/MASZYNY-7-150x150.webp 150w, https:\/\/amika.com.pl\/wp-content\/uploads\/2024\/06\/MASZYNY-7-768x768.webp 768w, https:\/\/amika.com.pl\/wp-content\/uploads\/2024\/06\/MASZYNY-7-800x800.webp 800w, https:\/\/amika.com.pl\/wp-content\/uploads\/2024\/06\/MASZYNY-7-700x700.webp 700w, https:\/\/amika.com.pl\/wp-content\/uploads\/2024\/06\/MASZYNY-7-100x100.webp 100w, https:\/\/amika.com.pl\/wp-content\/uploads\/2024\/06\/MASZYNY-7-64x64.webp 64w\" sizes=\"(max-width: 1000px) 100vw, 1000px\" \/>\t\t\t\t\t\t\t\t<\/a>\n\t\t\t\t\t\t\t\t\t\t\t\t\t<\/div>\n\t\t\t\t<\/div>\n\t\t\t\t\t<\/div>\n\t\t\t\t<\/div>\n\t\t\t\t<\/div>\n\t\t","protected":false},"excerpt":{"rendered":"<p>Mo\u017cliwo\u015b\u0107 dostawy Wysoka jako\u015b\u0107 Niska cena Profesjonalne doradztwo KATEGORIE:<\/p>\n","protected":false},"author":1,"featured_media":0,"parent":0,"menu_order":0,"comment_status":"closed","ping_status":"closed","template":"elementor_header_footer","meta":{"site-sidebar-layout":"default","site-content-layout":"","ast-site-content-layout":"","site-content-style":"default","site-sidebar-style":"default","ast-global-header-display":"","ast-banner-title-visibility":"","ast-main-header-display":"","ast-hfb-above-header-display":"","ast-hfb-below-header-display":"","ast-hfb-mobile-header-display":"","site-post-title":"","ast-breadcrumbs-content":"","ast-featured-img":"","footer-sml-layout":"","theme-transparent-header-meta":"","adv-header-id-meta":"","stick-header-meta":"","header-above-stick-meta":"","header-main-stick-meta":"","header-below-stick-meta":"","astra-migrate-meta-layouts":"default","ast-page-background-enabled":"default","ast-page-background-meta":{"desktop":{"background-color":"var(--ast-global-color-4)","background-image":"","background-repeat":"repeat","background-position":"center center","background-size":"auto","background-attachment":"scroll","background-type":"","background-media":"","overlay-type":"","overlay-color":"","overlay-opacity":"","overlay-gradient":""},"tablet":{"background-color":"","background-image":"","background-repeat":"repeat","background-position":"center center","background-size":"auto","background-attachment":"scroll","background-type":"","background-media":"","overlay-type":"","overlay-color":"","overlay-opacity":"","overlay-gradient":""},"mobile":{"background-color":"","background-image":"","background-repeat":"repeat","background-position":"center center","background-size":"auto","background-attachment":"scroll","background-type":"","background-media":"","overlay-type":"","overlay-color":"","overlay-opacity":"","overlay-gradient":""}},"ast-content-background-meta":{"desktop":{"background-color":"var(--ast-global-color-5)","background-image":"","background-repeat":"repeat","background-position":"center center","background-size":"auto","background-attachment":"scroll","background-type":"","background-media":"","overlay-type":"","overlay-color":"","overlay-opacity":"","overlay-gradient":""},"tablet":{"background-color":"var(--ast-global-color-5)","background-image":"","background-repeat":"repeat","background-position":"center center","background-size":"auto","background-attachment":"scroll","background-type":"","background-media":"","overlay-type":"","overlay-color":"","overlay-opacity":"","overlay-gradient":""},"mobile":{"background-color":"var(--ast-global-color-5)","background-image":"","background-repeat":"repeat","background-position":"center center","background-size":"auto","background-attachment":"scroll","background-type":"","background-media":"","overlay-type":"","overlay-color":"","overlay-opacity":"","overlay-gradient":""}},"_kadence_starter_templates_imported_post":true,"footnotes":""},"class_list":["post-1138","page","type-page","status-publish","hentry"],"_links":{"self":[{"href":"https:\/\/amika.com.pl\/index.php\/wp-json\/wp\/v2\/pages\/1138","targetHints":{"allow":["GET"]}}],"collection":[{"href":"https:\/\/amika.com.pl\/index.php\/wp-json\/wp\/v2\/pages"}],"about":[{"href":"https:\/\/amika.com.pl\/index.php\/wp-json\/wp\/v2\/types\/page"}],"author":[{"embeddable":true,"href":"https:\/\/amika.com.pl\/index.php\/wp-json\/wp\/v2\/users\/1"}],"replies":[{"embeddable":true,"href":"https:\/\/amika.com.pl\/index.php\/wp-json\/wp\/v2\/comments?post=1138"}],"version-history":[{"count":143,"href":"https:\/\/amika.com.pl\/index.php\/wp-json\/wp\/v2\/pages\/1138\/revisions"}],"predecessor-version":[{"id":1740,"href":"https:\/\/amika.com.pl\/index.php\/wp-json\/wp\/v2\/pages\/1138\/revisions\/1740"}],"wp:attachment":[{"href":"https:\/\/amika.com.pl\/index.php\/wp-json\/wp\/v2\/media?parent=1138"}],"curies":[{"name":"wp","href":"https:\/\/api.w.org\/{rel}","templated":true}]}}